{"id":5391,"date":"2023-02-27T15:37:50","date_gmt":"2023-02-27T14:37:50","guid":{"rendered":"https:\/\/ze-pfh.de\/imprint\/"},"modified":"2025-03-19T13:49:24","modified_gmt":"2025-03-19T12:49:24","slug":"imprint","status":"publish","type":"page","link":"https:\/\/ze-pfh.de\/en\/imprint\/","title":{"rendered":"Imprint"},"content":{"rendered":"\n<p>PFH Private University of Applied Sciences G\u00f6ttingen<br\/>Private University of Applied Sciences<br\/>State-recognized university in private sponsorship<br\/>Weender Landstra\u00dfe 3-7<br\/>37073 G\u00f6ttingen<\/p>\n\n<p><strong>Address:<\/strong><\/p>\n\n<p>Gesellschaft f\u00fcr praxisbezogene Forschung und wissenschaftliche Lehre GmbH<br\/>(short: GFL GmbH)<br\/>PFH Private Hochschule G\u00f6ttingen<br\/>Weender Landstra\u00dfe 3-7<br\/>37073 G\u00f6ttingen<\/p>\n\n<p>Phone +49 [0]551 54700-100<br\/>Fax +49 [0]551 54700-190 <\/p>\n\n<p>E-mail: <a href=\"mailto:info@pfh.de\">info(at)pfh.de<\/a><\/p>\n\n<p>President:<br\/>Prof. Dr. Frank Albe<\/p>\n\n<p>Vice Presidents:<br\/>Prof. Dr. Joachim Ahrens, Prof. Dr. Antje-Britta M\u00f6rstedt, Prof. Dr.-Ing. Wilm F. Unckenbold<\/p>\n\n<p>Sponsoring company:<br\/>Gesellschaft f\u00fcr praxisbezogene Forschung und wissenschaftliche Lehre GmbH<\/p>\n\n<p>Managing directors:<br\/>Dipl.-Ing. Markus Steinhoff, Kamil Senhaji<\/p>\n\n<p>Responsible for the content according to \u00a75 TMG:<\/p>\n\n<p>Gudrun R\u00f6hling (Company Spokesperson)<br\/><a href=\"mailto:roehling@pfh.de\">roehling(at)pfh.de<\/a><br\/>Weender Landstra\u00dfe 3-7<br\/>37073 G\u00f6ttingen<\/p>\n\n<p>Registered office of the company: G\u00f6ttingen<\/p>\n\n<p>Register court G\u00f6ttingen HRB 2539<\/p>\n\n<p>VAT ID: DE197697067<\/p>\n\n<p>Supervisory authorities:<\/p>\n\n<p><a href=\"http:\/\/www.mwk.niedersachsen.de\/\" target=\"_blank\" rel=\"noreferrer noopener\">Ministry of Science and Culture of Lower Saxony<\/a><\/p>\n\n<p><a href=\"http:\/\/www.zfu.de\/\" target=\"_blank\" rel=\"noreferrer noopener\">State Central Office for Distance Learning (ZFU), Cologne<\/a> <\/p>\n\n<p>Despite regular and careful checking of the content, it is possible that data may have changed in the meantime. For this reason, the PFH Private Hochschule G\u00f6ttingen\/Gesellschaft f\u00fcr praxisbezogne Forschung und Lehre GmbH assumes no liability or guarantee with regard to the accuracy, completeness and topicality of the information provided on these pages and excludes any liability for damages arising directly or indirectly from the use of this website. This also applies to all websites referred to via hyperlinks on our website.  <\/p>\n","protected":false},"excerpt":{"rendered":"<p>PFH Private University of Applied Sciences G\u00f6ttingenPrivate University of Applied SciencesState-recognized university in private sponsorshipWeender Landstra\u00dfe 3-737073 G\u00f6ttingen Address: Gesellschaft f\u00fcr praxisbezogene Forschung und wissenschaftliche Lehre GmbH(short: GFL GmbH)PFH Private Hochschule G\u00f6ttingenWeender Landstra\u00dfe 3-737073 G\u00f6ttingen Phone +49 [0]551 54700-100Fax +49 [0]551 54700-190 E-mail: info(at)pfh.de President:Prof. Dr. Frank Albe Vice Presidents:Prof. Dr. Joachim Ahrens, Prof. Dr. [&hellip;]<\/p>\n","protected":false},"author":1,"featured_media":0,"parent":0,"menu_order":0,"comment_status":"closed","ping_status":"closed","template":"","meta":{"_acf_changed":false,"_lmt_disableupdate":"","_lmt_disable":"","footnotes":""},"class_list":["post-5391","page","type-page","status-publish","hentry"],"acf":[],"yoast_head":"<!-- This site is optimized with the Yoast SEO plugin v24.6 - https:\/\/yoast.com\/wordpress\/plugins\/seo\/ -->\n<title>Imprint - ZE Zentrum f\u00fcr Entreprenuership<\/title>\n<meta name=\"robots\" content=\"index, follow, max-snippet:-1, max-image-preview:large, max-video-preview:-1\" \/>\n<link rel=\"canonical\" href=\"https:\/\/ze-pfh.de\/en\/imprint\/\" \/>\n<meta property=\"og:locale\" content=\"en_US\" \/>\n<meta property=\"og:type\" content=\"article\" \/>\n<meta property=\"og:title\" content=\"Imprint - ZE Zentrum f\u00fcr Entreprenuership\" \/>\n<meta property=\"og:description\" content=\"PFH Private University of Applied Sciences G\u00f6ttingenPrivate University of Applied SciencesState-recognized university in private sponsorshipWeender Landstra\u00dfe 3-737073 G\u00f6ttingen Address: Gesellschaft f\u00fcr praxisbezogene Forschung und wissenschaftliche Lehre GmbH(short: GFL GmbH)PFH Private Hochschule G\u00f6ttingenWeender Landstra\u00dfe 3-737073 G\u00f6ttingen Phone +49 [0]551 54700-100Fax +49 [0]551 54700-190 E-mail: info(at)pfh.de President:Prof. Dr. Frank Albe Vice Presidents:Prof. Dr. Joachim Ahrens, Prof. Dr. [&hellip;]\" \/>\n<meta property=\"og:url\" content=\"https:\/\/ze-pfh.de\/en\/imprint\/\" \/>\n<meta property=\"og:site_name\" content=\"ZE Zentrum f\u00fcr Entreprenuership\" \/>\n<meta property=\"article:modified_time\" content=\"2025-03-19T12:49:24+00:00\" \/>\n<meta name=\"twitter:card\" content=\"summary_large_image\" \/>\n<meta name=\"twitter:label1\" content=\"Est. reading time\" \/>\n\t<meta name=\"twitter:data1\" content=\"1 minute\" \/>\n<script type=\"application\/ld+json\" class=\"yoast-schema-graph\">{\"@context\":\"https:\/\/schema.org\",\"@graph\":[{\"@type\":\"WebPage\",\"@id\":\"https:\/\/ze-pfh.de\/en\/imprint\/\",\"url\":\"https:\/\/ze-pfh.de\/en\/imprint\/\",\"name\":\"Imprint - ZE Zentrum f\u00fcr Entreprenuership\",\"isPartOf\":{\"@id\":\"https:\/\/ze-pfh.de\/en\/#website\"},\"datePublished\":\"2023-02-27T14:37:50+00:00\",\"dateModified\":\"2025-03-19T12:49:24+00:00\",\"breadcrumb\":{\"@id\":\"https:\/\/ze-pfh.de\/en\/imprint\/#breadcrumb\"},\"inLanguage\":\"en-US\",\"potentialAction\":[{\"@type\":\"ReadAction\",\"target\":[\"https:\/\/ze-pfh.de\/en\/imprint\/\"]}]},{\"@type\":\"BreadcrumbList\",\"@id\":\"https:\/\/ze-pfh.de\/en\/imprint\/#breadcrumb\",\"itemListElement\":[{\"@type\":\"ListItem\",\"position\":1,\"name\":\"Startseite\",\"item\":\"https:\/\/ze-pfh.de\/en\/\"},{\"@type\":\"ListItem\",\"position\":2,\"name\":\"Imprint\"}]},{\"@type\":\"WebSite\",\"@id\":\"https:\/\/ze-pfh.de\/en\/#website\",\"url\":\"https:\/\/ze-pfh.de\/en\/\",\"name\":\"ZE-Innovation\",\"description\":\"\",\"publisher\":{\"@id\":\"https:\/\/ze-pfh.de\/en\/#organization\"},\"potentialAction\":[{\"@type\":\"SearchAction\",\"target\":{\"@type\":\"EntryPoint\",\"urlTemplate\":\"https:\/\/ze-pfh.de\/en\/?s={search_term_string}\"},\"query-input\":{\"@type\":\"PropertyValueSpecification\",\"valueRequired\":true,\"valueName\":\"search_term_string\"}}],\"inLanguage\":\"en-US\"},{\"@type\":\"Organization\",\"@id\":\"https:\/\/ze-pfh.de\/en\/#organization\",\"name\":\"PFH ZE - Zentrum f\u00fcr Entrepreneurship\",\"url\":\"https:\/\/ze-pfh.de\/en\/\",\"logo\":{\"@type\":\"ImageObject\",\"inLanguage\":\"en-US\",\"@id\":\"https:\/\/ze-pfh.de\/en\/#\/schema\/logo\/image\/\",\"url\":\"https:\/\/ze-pfh.de\/wp-content\/uploads\/2023\/03\/Logo-ZE-PFH.jpg\",\"contentUrl\":\"https:\/\/ze-pfh.de\/wp-content\/uploads\/2023\/03\/Logo-ZE-PFH.jpg\",\"width\":709,\"height\":472,\"caption\":\"PFH ZE - Zentrum f\u00fcr Entrepreneurship\"},\"image\":{\"@id\":\"https:\/\/ze-pfh.de\/en\/#\/schema\/logo\/image\/\"}}]}<\/script>\n<!-- \/ Yoast SEO plugin. -->","yoast_head_json":{"title":"Imprint - ZE Zentrum f\u00fcr Entreprenuership","robots":{"index":"index","follow":"follow","max-snippet":"max-snippet:-1","max-image-preview":"max-image-preview:large","max-video-preview":"max-video-preview:-1"},"canonical":"https:\/\/ze-pfh.de\/en\/imprint\/","og_locale":"en_US","og_type":"article","og_title":"Imprint - ZE Zentrum f\u00fcr Entreprenuership","og_description":"PFH Private University of Applied Sciences G\u00f6ttingenPrivate University of Applied SciencesState-recognized university in private sponsorshipWeender Landstra\u00dfe 3-737073 G\u00f6ttingen Address: Gesellschaft f\u00fcr praxisbezogene Forschung und wissenschaftliche Lehre GmbH(short: GFL GmbH)PFH Private Hochschule G\u00f6ttingenWeender Landstra\u00dfe 3-737073 G\u00f6ttingen Phone +49 [0]551 54700-100Fax +49 [0]551 54700-190 E-mail: info(at)pfh.de President:Prof. Dr. Frank Albe Vice Presidents:Prof. Dr. Joachim Ahrens, Prof. Dr. [&hellip;]","og_url":"https:\/\/ze-pfh.de\/en\/imprint\/","og_site_name":"ZE Zentrum f\u00fcr Entreprenuership","article_modified_time":"2025-03-19T12:49:24+00:00","twitter_card":"summary_large_image","twitter_misc":{"Est. reading time":"1 minute"},"schema":{"@context":"https:\/\/schema.org","@graph":[{"@type":"WebPage","@id":"https:\/\/ze-pfh.de\/en\/imprint\/","url":"https:\/\/ze-pfh.de\/en\/imprint\/","name":"Imprint - ZE Zentrum f\u00fcr Entreprenuership","isPartOf":{"@id":"https:\/\/ze-pfh.de\/en\/#website"},"datePublished":"2023-02-27T14:37:50+00:00","dateModified":"2025-03-19T12:49:24+00:00","breadcrumb":{"@id":"https:\/\/ze-pfh.de\/en\/imprint\/#breadcrumb"},"inLanguage":"en-US","potentialAction":[{"@type":"ReadAction","target":["https:\/\/ze-pfh.de\/en\/imprint\/"]}]},{"@type":"BreadcrumbList","@id":"https:\/\/ze-pfh.de\/en\/imprint\/#breadcrumb","itemListElement":[{"@type":"ListItem","position":1,"name":"Startseite","item":"https:\/\/ze-pfh.de\/en\/"},{"@type":"ListItem","position":2,"name":"Imprint"}]},{"@type":"WebSite","@id":"https:\/\/ze-pfh.de\/en\/#website","url":"https:\/\/ze-pfh.de\/en\/","name":"ZE-Innovation","description":"","publisher":{"@id":"https:\/\/ze-pfh.de\/en\/#organization"},"potentialAction":[{"@type":"SearchAction","target":{"@type":"EntryPoint","urlTemplate":"https:\/\/ze-pfh.de\/en\/?s={search_term_string}"},"query-input":{"@type":"PropertyValueSpecification","valueRequired":true,"valueName":"search_term_string"}}],"inLanguage":"en-US"},{"@type":"Organization","@id":"https:\/\/ze-pfh.de\/en\/#organization","name":"PFH ZE - Zentrum f\u00fcr Entrepreneurship","url":"https:\/\/ze-pfh.de\/en\/","logo":{"@type":"ImageObject","inLanguage":"en-US","@id":"https:\/\/ze-pfh.de\/en\/#\/schema\/logo\/image\/","url":"https:\/\/ze-pfh.de\/wp-content\/uploads\/2023\/03\/Logo-ZE-PFH.jpg","contentUrl":"https:\/\/ze-pfh.de\/wp-content\/uploads\/2023\/03\/Logo-ZE-PFH.jpg","width":709,"height":472,"caption":"PFH ZE - Zentrum f\u00fcr Entrepreneurship"},"image":{"@id":"https:\/\/ze-pfh.de\/en\/#\/schema\/logo\/image\/"}}]}},"_links":{"self":[{"href":"https:\/\/ze-pfh.de\/en\/wp-json\/wp\/v2\/pages\/5391"}],"collection":[{"href":"https:\/\/ze-pfh.de\/en\/wp-json\/wp\/v2\/pages"}],"about":[{"href":"https:\/\/ze-pfh.de\/en\/wp-json\/wp\/v2\/types\/page"}],"author":[{"embeddable":true,"href":"https:\/\/ze-pfh.de\/en\/wp-json\/wp\/v2\/users\/1"}],"replies":[{"embeddable":true,"href":"https:\/\/ze-pfh.de\/en\/wp-json\/wp\/v2\/comments?post=5391"}],"version-history":[{"count":3,"href":"https:\/\/ze-pfh.de\/en\/wp-json\/wp\/v2\/pages\/5391\/revisions"}],"predecessor-version":[{"id":5457,"href":"https:\/\/ze-pfh.de\/en\/wp-json\/wp\/v2\/pages\/5391\/revisions\/5457"}],"wp:attachment":[{"href":"https:\/\/ze-pfh.de\/en\/wp-json\/wp\/v2\/media?parent=5391"}],"curies":[{"name":"wp","href":"https:\/\/api.w.org\/{rel}","templated":true}]}}